{"id":2420,"date":"2018-05-17T01:43:56","date_gmt":"2018-05-17T05:43:56","guid":{"rendered":"https:\/\/ecoledepilotagesainthubert.com\/aec-pilote-de-ligne\/"},"modified":"2025-09-16T23:07:35","modified_gmt":"2025-09-17T03:07:35","slug":"airline-pilot","status":"publish","type":"page","link":"https:\/\/ecoledepilotagesainthubert.com\/en\/airline-pilot\/","title":{"rendered":"Airline Pilot (ATP)"},"content":{"rendered":"<div class=\"wpb-content-wrapper\"><p>[vc_row][vc_column][vc_empty_space height=&#8221;30px&#8221;][\/vc_column][\/vc_row][vc_row fullwidth=&#8221;yes&#8221; css=&#8221;.vc_custom_1474447018555{background-position: 0 0 !important;background-repeat: no-repeat !important;}&#8221; el_class=&#8221;side-bg no-padding&#8221;][vc_column]\t<!-- Element: OT Quick Office -->\n\t<div class=\"side-bg\">\n\n\t\t<div class=\"image-container hidden-xs pull-left col-md-5\" style=\"background-image:url(https:\/\/ecoledepilotagesainthubert.com\/wp-content\/uploads\/2018\/08\/aec-pilote-de-ligne-saint-hubert.jpg); ?>\" data-delay=\"0\"><\/div>\n\n\t\t<!-- Added this code in 26\/03\/2019 -->\n\t\t<img decoding=\"async\" class=\"visible-xs img-responsive\" src=\"https:\/\/ecoledepilotagesainthubert.com\/wp-content\/uploads\/2018\/08\/aec-pilote-de-ligne-saint-hubert.jpg\" \/>\n\n        <div class=\"container\">\n            <div class=\"row\">\n                <div class=\"inner-padding\">\n                    <div class=\"col-md-6 col-md-offset-6 wow fadeInRight\" data-wow-delay=\".2s\">\n                        <h2>Airline Pilot (ATP)<\/h2><br\/>\n                        <\/p>\n<p class=\"justify\">In regular training, the student progresses at their own pace and the training period is indeterminate and depend of the speed of learning of the student. By cons, the ACS college integrated training is an approved training by both Transport Canada and ministry of education which all educational stages are completed in one continuous course. The program perfectly combines the theoretical and practical part, and all these steps are synchronized to achieve goals effectively.<\/p>\n<p class=\"justify\">Students participating in the Integrated Airline Pilot Program (ATP) will receive a diploma from a flight school training program, which is highly regarded by employers in the aviation industry during their job search.<\/p>\n<p>                    <\/div>\n                    <div class=\"clearfix\"><\/div>\n                <\/div>\n            <\/div>\n        <\/div>\n\t<\/div>\n\n[\/vc_column][\/vc_row][vc_row][vc_column][vc_empty_space height=&#8221;50px&#8221;][\/vc_column][vc_column width=&#8221;7\/12&#8243;][vc_empty_space height=&#8221;10px&#8221;][vc_column_text]<\/p>\n<h2><strong>Prerequisites<\/strong><\/h2>\n<ul>\n<li>Must hold a valid CPL aeroplane<\/li>\n<li>A minimum of 750 hours of flight time to be eligible to write the exam<\/li>\n<li>Must hold a valid Multi-engine rating<\/li>\n<li>Must hold a valid Group 1 IFR rating<\/li>\n<li>Successful completion of category 1 medical exam<\/li>\n<\/ul>\n<p>[\/vc_column_text][\/vc_column][vc_column width=&#8221;5\/12&#8243;][vc_column_text]<\/p>\n<h2><strong>Transport Canada requirements<\/strong><\/h2>\n<p>Completion of all three <a href=\"http:\/\/www.sainthubertflyingschool.com\/docs\/TP690E.pdf\">Transport Canada ATPL written exams<\/a>: SAMRA, SARON &amp; INRAT[\/vc_column_text][\/vc_column][vc_column]\t<!-- Element: OT Line solid --> \t \n\t<div class=\"line-dark separator \"><span><i class=\"fa fa-circle\"><\/i><\/span><\/div>\n\t<div class=\"spacer-single\"><\/div>\t      \n[\/vc_column][vc_column width=&#8221;1\/2&#8243;]\n\t<!-- Element: OT Heading --> \t \n\t<h2 class=\"ot_custom_heading  \" style=\"text-align: right;\" >INTRODUCTION TO INTEGRATED PROGRAM: AIRLINE PILOT (ATP)<\/h2>\t\n[\/vc_column][vc_column width=&#8221;1\/2&#8243;][vc_cta h2=&#8221;&#8221; h4=&#8221;Length of training&#8221; txt_align=&#8221;right&#8221; shape=&#8221;square&#8221; style=&#8221;outline&#8221; color=&#8221;sky&#8221; add_icon=&#8221;right&#8221; i_icon_fontawesome=&#8221;fa fa-calendar&#8221; i_color=&#8221;pink&#8221;]The total training time is 14 to 18 months excluding the selection phase.[\/vc_cta][\/vc_column][vc_column][vc_separator color=&#8221;white&#8221;][\/vc_column][vc_column width=&#8221;1\/3&#8243;][vc_column_text]<\/p>\n<p class=\"intro justify\">Graduates in integrated training will have a CPL that includes all qualifications.<\/p>\n<p class=\"intro justify\">Moreover, since many airlines require an ATPL for hiring, they also benefit from the privileges of a frozen ATPL with only 228.9 hours of flight time (and flight simulator) instead of waiting until 750 hours which are required to write the examination of the ATPL. The frozen ATPL is valid for a period of 5 years to the accumulation of 1,500 hours of flight time.<\/p>\n<p class=\"intro justify\">This training and obtaining the ATPL as early, accelerate the transition from student to the aviation market and greatly increase the chances of getting a job.<\/p>\n<p>[\/vc_column_text][\/vc_column][vc_column width=&#8221;2\/3&#8243;][vc_column_text]<strong>Prerequisites<\/strong><\/p>\n<ul>\n<li>Must be 17 years of age to enter the program (18 years for the ICPL and IATPL licenses)<\/li>\n<li>Must be in good physical and psychological condition<\/li>\n<li>Do speak and understand English without difficulty (for foreign students, obtaining a TOEFL is required)<\/li>\n<li>Must successfully complete an English exam (language proficiency test in the context of aviation, level 4 or level 6)<\/li>\n<li><\/li>\n<li>Dois parler et comprendre l\u2019anglais sans difficult\u00e9 (pour les \u00e9tudiants \u00e9trangers, l\u2019obtention d\u2019un TOEFL est requise)<\/li>\n<li>Dois compl\u00e9ter avec succ\u00e8s un examen d\u2019anglais (examen de comp\u00e9tence linguistique dans un contexte d\u2019aviation, niveau 4 ou niveau 6)<\/li>\n<li>Successfully complete the medical examination Category 1 (medical certificate Aviation, TC)\n<ul>\n<li>Civil Aviation Medical Examiners- <a href=\"http:\/\/wwwapps.tc.gc.ca\/saf-sec-sur\/2\/came-meac\/l.aspx?lang=eng\"><strong>Search<\/strong><\/a><\/li>\n<\/ul>\n<\/li>\n<\/ul>\n<ul>\n<li>Must have a valid passport<\/li>\n<\/ul>\n<p>In addition, for Integrated Program: <em>Airline pilot ATP (A)<\/em>:<\/p>\n<ul>\n<li>Must have a high school diploma (DES) and must have a good knowledge of mathematics and physics, or provide evidence of sufficient training.<\/li>\n<li><\/li>\n<li>Have completed high school or have started post-secondary education (college, CEGEP, DEP) for at least two semesters or one full school year.<\/li>\n<li><\/li>\n<li>Must provide a certified copy of his diploma or equivalent full certificate proving the success of his country studies (An official translation in English or French is required for documents from abroad)<\/li>\n<\/ul>\n<p>[\/vc_column_text][\/vc_column][\/vc_row][vc_row][vc_column][vc_empty_space height=&#8221;20px&#8221;]\n\t<!-- Element: OT Heading --> \t \n\t<h2 class=\"ot_custom_heading  \" style=\"text-align: center;\" >TYPICAL CAREER PATH<\/h2>\t\n[vc_empty_space height=&#8221;20px&#8221;][vc_single_image image=&#8221;2525&#8243; img_size=&#8221;full&#8221; alignment=&#8221;center&#8221;][\/vc_column][vc_column width=&#8221;1\/3&#8243;]\n\t<!-- Element: OT Heading --> \t \n\t<h2 class=\"ot_custom_heading  \" style=\"\" >Integrated Program: Airline Pilot (ATP) is structured as follows:<\/h2>\t\n[\/vc_column][vc_column width=&#8221;2\/3&#8243;][vc_column_text]<\/p>\n<ul>\n<li>1036.7 hours of training spread over a period of 14 to 18 months depending on weather conditions. The program consists of 505 hours in class, 52.8 hours of briefing and 250 hours of training on computer station 181.3 flight hours (156.8 hours on single-engine and 24.5 hours on multi-engine) and 47.6 hours of simulator training.<\/li>\n<li>A total of 228.9 hours of practical training time (and flight simulator) including all flight tests.<\/li>\n<li>The current theories are usually held in the morning or evening, depending on the season to allow maximum flight training taking into account the climate.<\/li>\n<\/ul>\n<p>[\/vc_column_text][\/vc_column][vc_column][vc_column_text]<\/p>\n<table width=\"620\">\n<tbody>\n<tr style=\"background-color: #133066; color: white;\">\n<td colspan=\"4\" width=\"620\"><strong>Activities of Integrated Program: <em>Airline Pilot (ATP)<\/em><\/strong><\/td>\n<\/tr>\n<tr>\n<td width=\"77\"><strong>Semester<\/strong><\/td>\n<td width=\"106\"><strong>Course number<\/strong><\/td>\n<td width=\"390\"><strong>Title of course<\/strong><\/td>\n<td width=\"48\"><strong>length (hr)<\/strong><\/td>\n<\/tr>\n<tr>\n<td style=\"background-color: #133066; color: white;\" rowspan=\"3\" width=\"77\"><strong>semester 1<\/strong><\/td>\n<td width=\"106\">280-101-PS<\/td>\n<td width=\"390\">Introduction to flight framing \u2013 Private Pilot<\/td>\n<td width=\"48\">45<\/td>\n<\/tr>\n<tr>\n<td width=\"106\">280-102-PS<\/td>\n<td width=\"390\">Introduction to preparation of flight &#8211; Private pilot<\/td>\n<td width=\"48\">45<\/td>\n<\/tr>\n<tr>\n<td width=\"106\">280-103-PS<\/td>\n<td width=\"390\">Flight of the private pilot<\/td>\n<td width=\"48\">75<\/td>\n<\/tr>\n<tr>\n<td colspan=\"3\" width=\"572\"><strong>total semester 1:<\/strong><\/td>\n<td width=\"48\"><strong>165<\/strong><\/td>\n<\/tr>\n<tr>\n<td style=\"background-color: #133066; color: white;\" rowspan=\"3\" width=\"77\"><strong>semester 2<\/strong><\/td>\n<td width=\"106\">280-201-PS<\/td>\n<td width=\"390\">Framing and theory of flight &#8211; Professional pilot<\/td>\n<td width=\"48\">45<\/td>\n<\/tr>\n<tr>\n<td width=\"106\">280-202-PS<\/td>\n<td width=\"390\">Preparation for flight &#8211; Professional pilot<\/td>\n<td width=\"48\">45<\/td>\n<\/tr>\n<tr>\n<td width=\"106\">280-203-PS<\/td>\n<td width=\"390\">Flight of the Professional pilot<\/td>\n<td width=\"48\">105<\/td>\n<\/tr>\n<tr>\n<td colspan=\"3\" width=\"572\"><strong>total semester 2:<\/strong><\/td>\n<td width=\"48\"><strong>195<\/strong><\/td>\n<\/tr>\n<tr>\n<td style=\"background-color: #133066; color: white;\" rowspan=\"2\" width=\"77\"><strong>semester 3<\/strong><\/td>\n<td width=\"106\">280-301-PS<\/td>\n<td width=\"390\">Visual and instruments operation of a multi-engine aircraft<\/td>\n<td width=\"48\">75<\/td>\n<\/tr>\n<tr>\n<td width=\"106\">280-302-PS<\/td>\n<td width=\"390\">Visual and instrument flight of a complex aircraft<\/td>\n<td width=\"48\">75<\/td>\n<\/tr>\n<tr>\n<td colspan=\"3\" width=\"572\"><strong>total semester 3:<\/strong><\/td>\n<td width=\"48\"><strong>150<\/strong><\/td>\n<\/tr>\n<tr>\n<td style=\"background-color: #133066; color: white;\" rowspan=\"3\" width=\"77\"><strong>semester 4<\/strong><\/td>\n<td width=\"106\">280-401-PS<\/td>\n<td width=\"390\">Framing and theory of flight &#8211; Airline pilot<\/td>\n<td width=\"48\">105<\/td>\n<\/tr>\n<tr>\n<td width=\"106\">280-402-PS<\/td>\n<td width=\"390\">Preparation of flight &#8211; Airline pilot<\/td>\n<td width=\"48\">105<\/td>\n<\/tr>\n<tr>\n<td width=\"106\">280-403-PS<\/td>\n<td width=\"390\">Multi-crew cooperation course<\/td>\n<td width=\"48\">60<\/td>\n<\/tr>\n<tr>\n<td colspan=\"3\" width=\"572\"><strong>total semester 4:<\/strong><\/td>\n<td width=\"48\"><strong>270<\/strong><\/td>\n<\/tr>\n<tr>\n<td style=\"background-color: #133066; color: white;\" colspan=\"3\" width=\"572\"><strong>Total program:<\/strong><\/td>\n<td width=\"48\"><strong>780<\/strong><\/td>\n<\/tr>\n<\/tbody>\n<\/table>\n<p>[\/vc_column_text][\/vc_column][\/vc_row][vc_row css=&#8221;.vc_custom_1529071865141{background-color: #f5f5f5 !important;}&#8221;][vc_column][vc_empty_space height=&#8221;50px&#8221;]\n\t<!-- Element: OT Heading --> \t \n\t<h3 class=\"ot_custom_heading  \" style=\"\" >Tax credit<\/h3>\t\n[vc_column_text css=&#8221;&#8221;]In Canada, college is considered higher education. Thus, tuition fees paid for the duration of the program are tax deductible for Canadian students at both the provincial and federal level. For more information on applicable tax credits, visit the website at: <strong><a href=\"http:\/\/www.cra-arc.gc.ca\" target=\"_blank\" rel=\"noopener\">www.cra-arc.gc.ca<\/a>.<\/strong><\/p>\n<h3>Sessions and Holidays:<\/h3>\n<p>&nbsp;<\/p>\n<table>\n<tbody>\n<tr style=\"background-color: #133066; color: white;\">\n<td width=\"208\"><strong>Activities<\/strong><\/td>\n<td width=\"208\"><strong>2026<\/strong><\/td>\n<td width=\"208\"><strong>2027<\/strong><\/td>\n<\/tr>\n<tr>\n<td rowspan=\"4\" width=\"208\"><strong>Start of School session\u00a0 <\/strong><\/p>\n<p><strong>\u00a0\u00a0\u00a0\u00a0\u00a0\u00a0\u00a0\u00a0\u00a0\u00a0\u00a0\u00a0\u00a0 <\/strong><\/p>\n<p><strong>\u00a0\u00a0\u00a0\u00a0\u00a0\u00a0\u00a0\u00a0\u00a0\u00a0\u00a0\u00a0\u00a0 <\/strong><\/p>\n<p><strong>\u00a0\u00a0\u00a0\u00a0\u00a0\u00a0\u00a0\u00a0\u00a0\u00a0\u00a0\u00a0\u00a0 <\/strong><\/td>\n<td width=\"208\"><span id=\"m_2902696130867764791gmail-docs-internal-guid-e4848c68-7fff-657f-562a-a6d2280b4b30\">January 5, 2026<\/span><\/td>\n<td width=\"208\">January 4, 2027<\/td>\n<\/tr>\n<tr>\n<td width=\"208\"><span id=\"m_2902696130867764791gmail-docs-internal-guid-e4848c68-7fff-657f-562a-a6d2280b4b30\">\u00a0June 1, 2026<\/span><\/td>\n<td width=\"208\">June 7, 2027<\/td>\n<\/tr>\n<tr>\n<td width=\"208\"><span id=\"m_2902696130867764791gmail-docs-internal-guid-e4848c68-7fff-657f-562a-a6d2280b4b30\">\u00a0September 8, 2026<\/span><\/td>\n<td width=\"208\">September 7, 2027<\/td>\n<\/tr>\n<\/tbody>\n<\/table>\n<p>&nbsp;<\/p>\n<table>\n<tbody>\n<tr>\n<td width=\"208\"><strong>Spring vacation<\/strong><\/td>\n<td width=\"208\">March 7, 2026 to\u00a0 March 15, 2026<\/td>\n<td width=\"208\">February 27, 2027 to\u00a0 March 7, 2027<\/td>\n<\/tr>\n<tr>\n<td width=\"208\"><strong>Summer vacation<\/strong><\/td>\n<td width=\"208\">July 18, 2026 to August 2, 2026<\/td>\n<td width=\"208\">July 17, 2027 to August 1, 2027<\/td>\n<\/tr>\n<tr>\n<td width=\"208\"><strong>Winter vacation<\/strong><\/td>\n<td width=\"208\"><span id=\"m_2902696130867764791gmail-docs-internal-guid-e4848c68-7fff-657f-562a-a6d2280b4b30\">December 19, 2025 to\u00a0 January 4, 2026<\/span><\/td>\n<td width=\"208\">December 19, 2026 to\u00a0 January 3, 2027<\/td>\n<\/tr>\n<\/tbody>\n<\/table>\n<p>&nbsp;<\/p>\n<table>\n<tbody>\n<tr>\n<td width=\"208\"><strong>Easter Holidays<\/strong><\/td>\n<td width=\"208\"><span id=\"m_2902696130867764791gmail-docs-internal-guid-e4848c68-7fff-657f-562a-a6d2280b4b30\">April 6, 2026<\/span><\/td>\n<td width=\"208\">April 19, 2027<\/td>\n<\/tr>\n<tr>\n<td width=\"208\"><strong>National Patriots&#8217; Day<\/strong><\/td>\n<td width=\"208\"><span id=\"m_2902696130867764791gmail-docs-internal-guid-e4848c68-7fff-657f-562a-a6d2280b4b30\">May 18, 2026<\/span><\/td>\n<td width=\"208\">May 24, 2027<\/td>\n<\/tr>\n<tr>\n<td width=\"208\"><strong>National Holiday<\/strong><\/td>\n<td width=\"208\"><span id=\"m_2902696130867764791gmail-docs-internal-guid-e4848c68-7fff-657f-562a-a6d2280b4b30\">June 24, 2026<\/span><\/td>\n<td width=\"208\">June 24, 2027<\/td>\n<\/tr>\n<tr>\n<td width=\"208\"><strong>Canada Day<\/strong><\/td>\n<td width=\"208\"><span id=\"m_2902696130867764791gmail-docs-internal-guid-e4848c68-7fff-657f-562a-a6d2280b4b30\">July 1, 2026<\/span><\/td>\n<td width=\"208\">July 1, 2027<\/td>\n<\/tr>\n<tr>\n<td width=\"208\"><strong>Labour Day<\/strong><\/td>\n<td width=\"208\"><span id=\"m_2902696130867764791gmail-docs-internal-guid-e4848c68-7fff-657f-562a-a6d2280b4b30\">September 7, 2026<\/span><\/td>\n<td width=\"208\"><span id=\"m_2902696130867764791gmail-docs-internal-guid-e4848c68-7fff-657f-562a-a6d2280b4b30\">September 6, 2027<\/span><\/td>\n<\/tr>\n<tr>\n<td width=\"208\"><strong>Thanksgiving<\/strong><\/td>\n<td width=\"208\"><span id=\"m_2902696130867764791gmail-docs-internal-guid-e4848c68-7fff-657f-562a-a6d2280b4b30\">October 12, 2026<\/span><\/td>\n<td width=\"208\">October 11, 2027<\/td>\n<\/tr>\n<\/tbody>\n<\/table>\n<p>[\/vc_column_text][vc_empty_space height=&#8221;50px&#8221;][\/vc_column][\/vc_row][vc_row fullwidth=&#8221;yes&#8221; css=&#8221;.vc_custom_1442204580531{padding-top: 60px !important;padding-bottom: 60px !important;}&#8221; el_class=&#8221;call-to-action bg-color text-center&#8221;][vc_column]\t\t\t\n\t<!-- Element: OT Button --> \n\t\t\t<a href=\"https:\/\/sainthubertflyingcollege.com\/contact\/\" target=\"_self\" class=\"btn btn-line-black btn-big  \">Contact us<\/a>\n\t    \n[\/vc_column][\/vc_row]<\/p>\n<\/div>","protected":false},"excerpt":{"rendered":"<p>[vc_row][vc_column][vc_empty_space height=&#8221;30px&#8221;][\/vc_column][\/vc_row][vc_row fullwidth=&#8221;yes&#8221; css=&#8221;.vc_custom_1474447018555{background-position: 0 0 !important;background-repeat: no-repeat !important;}&#8221; el_class=&#8221;side-bg no-padding&#8221;][vc_column][\/vc_column][\/vc_row][vc_row][vc_column][vc_empty_space height=&#8221;50px&#8221;][\/vc_column][vc_column width=&#8221;7\/12&#8243;][vc_empty_space height=&#8221;10px&#8221;][vc_column_text] Prerequisites Must hold a valid CPL aeroplane A minimum of 750 hours of flight time to be eligible to write the exam Must hold a valid Multi-engine rating Must hold a valid Group 1 IFR rating Successful completion of category 1 [&hellip;]<\/p>\n","protected":false},"author":2,"featured_media":0,"parent":0,"menu_order":0,"comment_status":"open","ping_status":"open","template":"page-templates\/template-fullwidth.php","meta":{"nf_dc_page":"","footnotes":""},"class_list":["post-2420","page","type-page","status-publish","hentry"],"_links":{"self":[{"href":"https:\/\/ecoledepilotagesainthubert.com\/en\/wp-json\/wp\/v2\/pages\/2420","targetHints":{"allow":["GET"]}}],"collection":[{"href":"https:\/\/ecoledepilotagesainthubert.com\/en\/wp-json\/wp\/v2\/pages"}],"about":[{"href":"https:\/\/ecoledepilotagesainthubert.com\/en\/wp-json\/wp\/v2\/types\/page"}],"author":[{"embeddable":true,"href":"https:\/\/ecoledepilotagesainthubert.com\/en\/wp-json\/wp\/v2\/users\/2"}],"replies":[{"embeddable":true,"href":"https:\/\/ecoledepilotagesainthubert.com\/en\/wp-json\/wp\/v2\/comments?post=2420"}],"version-history":[{"count":8,"href":"https:\/\/ecoledepilotagesainthubert.com\/en\/wp-json\/wp\/v2\/pages\/2420\/revisions"}],"predecessor-version":[{"id":3990,"href":"https:\/\/ecoledepilotagesainthubert.com\/en\/wp-json\/wp\/v2\/pages\/2420\/revisions\/3990"}],"wp:attachment":[{"href":"https:\/\/ecoledepilotagesainthubert.com\/en\/wp-json\/wp\/v2\/media?parent=2420"}],"curies":[{"name":"wp","href":"https:\/\/api.w.org\/{rel}","templated":true}]}}